{"id":80,"date":"2020-11-18T18:30:49","date_gmt":"2020-11-18T18:30:49","guid":{"rendered":"https:\/\/odiseadejuana.com\/wordpress\/?post_type=product&#038;p=80"},"modified":"2024-09-21T01:26:36","modified_gmt":"2024-09-21T01:26:36","slug":"la-otra-popular-restaurante-bar-galeria","status":"publish","type":"product","link":"https:\/\/odiseadejuana.com\/tienda\/producto\/la-otra-popular-restaurante-bar-galeria\/","title":{"rendered":"La Popular Restaurante. Bar. Galer\u00eda"},"content":{"rendered":"","protected":false},"excerpt":{"rendered":"<p>Conozcan este lugar emblem\u00e1tico, un favorito de los artistas de la comunidad Oaxaque\u00f1a, a pocos pasos del c\u00e9ntrico Ex- Convento Santo Domingo. Comida o cena para dos personas. Incluye una entrada, un plato fuerte y un postre, acompa\u00f1ados de agua de temporada y dos cervezas nacionales o un caballito de mezcal por persona.<\/p>\n<p>La Popular Restaurant. Bar. Gallery: Join us at this emblematic Oaxaca restaurant, a favorite of the Oaxacan arts community, and just a few steps from the Ex-Santo Domingo Convent downtown. Lunch or dinner for two. Includes appetizer, main dish and a dessert per person, accompanied by fruit water and two national beers or a mezcal shot per person.<\/p>\n","protected":false},"featured_media":98,"template":"","meta":[],"product_brand":[],"product_cat":[15],"product_tag":[],"class_list":{"0":"post-80","1":"product","2":"type-product","3":"status-publish","4":"has-post-thumbnail","6":"product_cat-sin-categorizar","8":"first","9":"outofstock","10":"downloadable","11":"shipping-taxable","12":"product-type-simple"},"_links":{"self":[{"href":"https:\/\/odiseadejuana.com\/tienda\/wp-json\/wp\/v2\/product\/80","targetHints":{"allow":["GET"]}}],"collection":[{"href":"https:\/\/odiseadejuana.com\/tienda\/wp-json\/wp\/v2\/product"}],"about":[{"href":"https:\/\/odiseadejuana.com\/tienda\/wp-json\/wp\/v2\/types\/product"}],"wp:featuredmedia":[{"embeddable":true,"href":"https:\/\/odiseadejuana.com\/tienda\/wp-json\/wp\/v2\/media\/98"}],"wp:attachment":[{"href":"https:\/\/odiseadejuana.com\/tienda\/wp-json\/wp\/v2\/media?parent=80"}],"wp:term":[{"taxonomy":"product_brand","embeddable":true,"href":"https:\/\/odiseadejuana.com\/tienda\/wp-json\/wp\/v2\/product_brand?post=80"},{"taxonomy":"product_cat","embeddable":true,"href":"https:\/\/odiseadejuana.com\/tienda\/wp-json\/wp\/v2\/product_cat?post=80"},{"taxonomy":"product_tag","embeddable":true,"href":"https:\/\/odiseadejuana.com\/tienda\/wp-json\/wp\/v2\/product_tag?post=80"}],"curies":[{"name":"wp","href":"https:\/\/api.w.org\/{rel}","templated":true}]}}