{"id":52,"date":"2020-11-18T15:00:31","date_gmt":"2020-11-18T15:00:31","guid":{"rendered":"https:\/\/odiseadejuana.com\/wordpress\/?post_type=product&#038;p=52"},"modified":"2024-09-21T01:26:34","modified_gmt":"2024-09-21T01:26:34","slug":"yoga-restaurativo","status":"publish","type":"product","link":"https:\/\/odiseadejuana.com\/tienda\/producto\/yoga-restaurativo\/","title":{"rendered":"Yoga Restaurativo con Alosja"},"content":{"rendered":"<p><img fetchpriority=\"high\" decoding=\"async\" class=\"alignnone size-medium wp-image-53\" src=\"https:\/\/odiseadejuana.com\/wordpress\/wp-content\/uploads\/2020\/11\/91499868_2902872553122814_5251040442157367296_n-300x225.jpg\" alt=\"\" width=\"300\" height=\"225\" srcset=\"https:\/\/odiseadejuana.com\/tienda\/wp-content\/uploads\/2020\/11\/91499868_2902872553122814_5251040442157367296_n-300x225.jpg 300w, https:\/\/odiseadejuana.com\/tienda\/wp-content\/uploads\/2020\/11\/91499868_2902872553122814_5251040442157367296_n-600x450.jpg 600w, https:\/\/odiseadejuana.com\/tienda\/wp-content\/uploads\/2020\/11\/91499868_2902872553122814_5251040442157367296_n.jpg 676w\" sizes=\"(max-width: 300px) 100vw, 300px\" \/> <img decoding=\"async\" class=\"alignnone size-medium wp-image-54\" src=\"https:\/\/odiseadejuana.com\/wordpress\/wp-content\/uploads\/2020\/11\/alosja3-300x292.jpg\" alt=\"\" width=\"300\" height=\"292\" srcset=\"https:\/\/odiseadejuana.com\/tienda\/wp-content\/uploads\/2020\/11\/alosja3-300x292.jpg 300w, https:\/\/odiseadejuana.com\/tienda\/wp-content\/uploads\/2020\/11\/alosja3-1024x996.jpg 1024w, https:\/\/odiseadejuana.com\/tienda\/wp-content\/uploads\/2020\/11\/alosja3-768x747.jpg 768w, https:\/\/odiseadejuana.com\/tienda\/wp-content\/uploads\/2020\/11\/alosja3-600x583.jpg 600w, https:\/\/odiseadejuana.com\/tienda\/wp-content\/uploads\/2020\/11\/alosja3.jpg 1080w\" sizes=\"(max-width: 300px) 100vw, 300px\" \/> <img decoding=\"async\" class=\"alignnone size-medium wp-image-55\" src=\"https:\/\/odiseadejuana.com\/wordpress\/wp-content\/uploads\/2020\/11\/alosja-5.jpg\" alt=\"\" width=\"206\" height=\"206\" srcset=\"https:\/\/odiseadejuana.com\/tienda\/wp-content\/uploads\/2020\/11\/alosja-5.jpg 206w, https:\/\/odiseadejuana.com\/tienda\/wp-content\/uploads\/2020\/11\/alosja-5-150x150.jpg 150w, https:\/\/odiseadejuana.com\/tienda\/wp-content\/uploads\/2020\/11\/alosja-5-75x75.jpg 75w, https:\/\/odiseadejuana.com\/tienda\/wp-content\/uploads\/2020\/11\/alosja-5-100x100.jpg 100w\" sizes=\"(max-width: 206px) 100vw, 206px\" \/><\/p>\n","protected":false},"excerpt":{"rendered":"<p>Clase de 1 hora 20 minutos con la maestra Alosja. Con \u00e9nfasis en aprender a soltar tensi\u00f3n y movilizar la columna. Incluye un an\u00e1lisis postural individualizado. Limitadas a la ciudad de Oaxaca.<\/p>\n<p>Restorative Yoga with Alosja: A private 1 hour 20 minute class with yoga master Alosja with an emphasis on learning to release tension and mobilize the spine. Includes an individualized postural analysis. Limited to the city of Oaxaca.<\/p>\n","protected":false},"featured_media":53,"template":"","meta":[],"product_brand":[],"product_cat":[15],"product_tag":[],"class_list":{"0":"post-52","1":"product","2":"type-product","3":"status-publish","4":"has-post-thumbnail","6":"product_cat-sin-categorizar","8":"first","9":"outofstock","10":"downloadable","11":"shipping-taxable","12":"product-type-simple"},"_links":{"self":[{"href":"https:\/\/odiseadejuana.com\/tienda\/wp-json\/wp\/v2\/product\/52","targetHints":{"allow":["GET"]}}],"collection":[{"href":"https:\/\/odiseadejuana.com\/tienda\/wp-json\/wp\/v2\/product"}],"about":[{"href":"https:\/\/odiseadejuana.com\/tienda\/wp-json\/wp\/v2\/types\/product"}],"wp:featuredmedia":[{"embeddable":true,"href":"https:\/\/odiseadejuana.com\/tienda\/wp-json\/wp\/v2\/media\/53"}],"wp:attachment":[{"href":"https:\/\/odiseadejuana.com\/tienda\/wp-json\/wp\/v2\/media?parent=52"}],"wp:term":[{"taxonomy":"product_brand","embeddable":true,"href":"https:\/\/odiseadejuana.com\/tienda\/wp-json\/wp\/v2\/product_brand?post=52"},{"taxonomy":"product_cat","embeddable":true,"href":"https:\/\/odiseadejuana.com\/tienda\/wp-json\/wp\/v2\/product_cat?post=52"},{"taxonomy":"product_tag","embeddable":true,"href":"https:\/\/odiseadejuana.com\/tienda\/wp-json\/wp\/v2\/product_tag?post=52"}],"curies":[{"name":"wp","href":"https:\/\/api.w.org\/{rel}","templated":true}]}}