{"id":37,"date":"2020-11-18T19:00:37","date_gmt":"2020-11-18T19:00:37","guid":{"rendered":"https:\/\/odiseadejuana.com\/wordpress\/?post_type=product&#038;p=37"},"modified":"2024-09-21T01:26:33","modified_gmt":"2024-09-21T01:26:33","slug":"experiencia-los-danzantes","status":"publish","type":"product","link":"https:\/\/odiseadejuana.com\/tienda\/producto\/experiencia-los-danzantes\/","title":{"rendered":"Destiler\u00eda y Restaurante Los Danzantes &#8211; Bar La Selva"},"content":{"rendered":"<p>&nbsp;<\/p>\n<p>&nbsp;<\/p>\n","protected":false},"excerpt":{"rendered":"<p>Disfruta y conoce el proceso de elaboraci\u00f3n del mezcal Oaxaque\u00f1o en nuestra destiler\u00eda en Matatl\u00e1n, Oaxaca, cuna del Mezcal. Para la comida o la cena, del\u00e9itate con la deliciosa gastronom\u00eda fusi\u00f3n en nuestro restaurante ubicado en el coraz\u00f3n de la ciudad de Oaxaca. Y para cerrar el d\u00eda con broche de oro, disfruta de unos cocteles especiales en nuestro Bar La Selva. Paquete para 4 personas.<\/p>\n<p>Distillery and Restaurant Los Danzantes-Bar La Selva: Enjoy and learn about the process of making Mezcal Oaxaque\u00f1o at our distillery in Matatl\u00e1n Oaxaca, cradle of Mezcal, and for lunch or dinner, delight in the delicious fusion gastronomy at our restaurant located in the heart of Oaxaca city. Close the day with a flourish, enjoying our specialty cocktails at our bar, La Selva. Package for 4 people.<\/p>\n","protected":false},"featured_media":46,"template":"","meta":[],"product_brand":[],"product_cat":[15],"product_tag":[],"class_list":{"0":"post-37","1":"product","2":"type-product","3":"status-publish","4":"has-post-thumbnail","6":"product_cat-sin-categorizar","8":"first","9":"outofstock","10":"downloadable","11":"shipping-taxable","12":"product-type-simple"},"_links":{"self":[{"href":"https:\/\/odiseadejuana.com\/tienda\/wp-json\/wp\/v2\/product\/37","targetHints":{"allow":["GET"]}}],"collection":[{"href":"https:\/\/odiseadejuana.com\/tienda\/wp-json\/wp\/v2\/product"}],"about":[{"href":"https:\/\/odiseadejuana.com\/tienda\/wp-json\/wp\/v2\/types\/product"}],"wp:featuredmedia":[{"embeddable":true,"href":"https:\/\/odiseadejuana.com\/tienda\/wp-json\/wp\/v2\/media\/46"}],"wp:attachment":[{"href":"https:\/\/odiseadejuana.com\/tienda\/wp-json\/wp\/v2\/media?parent=37"}],"wp:term":[{"taxonomy":"product_brand","embeddable":true,"href":"https:\/\/odiseadejuana.com\/tienda\/wp-json\/wp\/v2\/product_brand?post=37"},{"taxonomy":"product_cat","embeddable":true,"href":"https:\/\/odiseadejuana.com\/tienda\/wp-json\/wp\/v2\/product_cat?post=37"},{"taxonomy":"product_tag","embeddable":true,"href":"https:\/\/odiseadejuana.com\/tienda\/wp-json\/wp\/v2\/product_tag?post=37"}],"curies":[{"name":"wp","href":"https:\/\/api.w.org\/{rel}","templated":true}]}}