{"id":4386,"date":"2023-08-17T00:34:59","date_gmt":"2023-08-17T00:34:59","guid":{"rendered":"https:\/\/odiseadejuana.com\/wordpress\/?page_id=4386"},"modified":"2025-08-18T05:35:13","modified_gmt":"2025-08-18T05:35:13","slug":"rewards-premios","status":"publish","type":"page","link":"https:\/\/odiseadejuana.com\/tienda\/rewards-premios\/","title":{"rendered":"Rewards &#038; Premios"},"content":{"rendered":"\t\t<div data-elementor-type=\"wp-page\" data-elementor-id=\"4386\" class=\"elementor elementor-4386\">\n\t\t\t\t\t\t<section class=\"elementor-section elementor-top-section elementor-element elementor-element-42deec5 elementor-section-boxed elementor-section-height-default elementor-section-height-default\" data-id=\"42deec5\" data-element_type=\"section\" data-e-type=\"section\" data-settings=\"{&quot;background_background&quot;:&quot;classic&quot;}\">\n\t\t\t\t\t\t<div class=\"elementor-container elementor-column-gap-default\">\n\t\t\t\t\t<div class=\"elementor-column elementor-col-100 elementor-top-column elementor-element elementor-element-c764e81\" data-id=\"c764e81\" data-element_type=\"column\" data-e-type=\"column\" data-settings=\"{&quot;background_background&quot;:&quot;classic&quot;}\">\n\t\t\t<div class=\"elementor-widget-wrap elementor-element-populated\">\n\t\t\t\t\t\t<div class=\"elementor-element elementor-element-3f17b37 elementor-hidden-desktop elementor-hidden-tablet elementor-hidden-mobile elementor-widget elementor-widget-wp-widget-custom_html\" data-id=\"3f17b37\" data-element_type=\"widget\" data-e-type=\"widget\" data-widget_type=\"wp-widget-custom_html.default\">\n\t\t\t\t<div class=\"elementor-widget-container\">\n\t\t\t\t\t<div class=\"textwidget custom-html-widget\">\r\n\r\n    \r\n    \r\n    \r\n\r\n       \r\n      $(document).ready(function() {\r\n\r\n\r\n        $(\"#baile-g\").magnify();\r\n\r\n    });\r\n    <\/div>\t\t\t\t<\/div>\n\t\t\t\t<\/div>\n\t\t\t\t<div class=\"elementor-element elementor-element-15d4c1d elementor-widget elementor-widget-image\" data-id=\"15d4c1d\" data-element_type=\"widget\" data-e-type=\"widget\" data-widget_type=\"image.default\">\n\t\t\t\t<div class=\"elementor-widget-container\">\n\t\t\t\t\t\t\t\t\t\t\t\t\t\t\t<img fetchpriority=\"high\" decoding=\"async\" width=\"254\" height=\"300\" src=\"https:\/\/odiseadejuana.com\/tienda\/wp-content\/uploads\/2023\/08\/emblemajuana-254x300.png\" class=\"attachment-medium size-medium wp-image-4670\" alt=\"\" srcset=\"https:\/\/odiseadejuana.com\/tienda\/wp-content\/uploads\/2023\/08\/emblemajuana-254x300.png 254w, https:\/\/odiseadejuana.com\/tienda\/wp-content\/uploads\/2023\/08\/emblemajuana-600x710.png 600w, https:\/\/odiseadejuana.com\/tienda\/wp-content\/uploads\/2023\/08\/emblemajuana.png 606w\" sizes=\"(max-width: 254px) 100vw, 254px\" \/>\t\t\t\t\t\t\t\t\t\t\t\t\t\t\t<\/div>\n\t\t\t\t<\/div>\n\t\t\t\t<div class=\"elementor-element elementor-element-b5aac56 elementor-widget elementor-widget-heading\" data-id=\"b5aac56\" data-element_type=\"widget\" data-e-type=\"widget\" data-widget_type=\"heading.default\">\n\t\t\t\t<div class=\"elementor-widget-container\">\n\t\t\t\t\t<h2 class=\"elementor-heading-title elementor-size-default\">\"El Sue\u00f1o de Baile de las Doce Princesas\"<\/h2>\t\t\t\t<\/div>\n\t\t\t\t<\/div>\n\t\t\t\t<div class=\"elementor-element elementor-element-78c3a16 elementor-align-right elementor-fixed elementor-hidden-desktop elementor-hidden-tablet elementor-hidden-mobile elementor-widget elementor-widget-button\" data-id=\"78c3a16\" data-element_type=\"widget\" data-e-type=\"widget\" data-settings=\"{&quot;_position&quot;:&quot;fixed&quot;}\" data-widget_type=\"button.default\">\n\t\t\t\t<div class=\"elementor-widget-container\">\n\t\t\t\t\t\t\t\t\t<div class=\"elementor-button-wrapper\">\n\t\t\t\t\t<a class=\"elementor-button elementor-button-link elementor-size-sm\" href=\"https:\/\/odiseadejuana.com\/wordpress\/contacto\/?producto=Baile%20de%20las%20Doce%20Princesas\">\n\t\t\t\t\t\t<span class=\"elementor-button-content-wrapper\">\n\t\t\t\t\t\t\t\t\t<span class=\"elementor-button-text\">Contac us for price<\/span>\n\t\t\t\t\t<\/span>\n\t\t\t\t\t<\/a>\n\t\t\t\t<\/div>\n\t\t\t\t\t\t\t\t<\/div>\n\t\t\t\t<\/div>\n\t\t\t\t\t<\/div>\n\t\t<\/div>\n\t\t\t\t\t<\/div>\n\t\t<\/section>\n\t\t\t\t<section class=\"elementor-section elementor-top-section elementor-element elementor-element-b498b44 elementor-section-boxed elementor-section-height-default elementor-section-height-default\" data-id=\"b498b44\" data-element_type=\"section\" data-e-type=\"section\">\n\t\t\t\t\t\t<div class=\"elementor-container elementor-column-gap-default\">\n\t\t\t\t\t<div class=\"elementor-column elementor-col-100 elementor-top-column elementor-element elementor-element-19d6988\" data-id=\"19d6988\" data-element_type=\"column\" data-e-type=\"column\">\n\t\t\t<div class=\"elementor-widget-wrap elementor-element-populated\">\n\t\t\t\t\t\t<div class=\"elementor-element elementor-element-ecb942d elementor-widget elementor-widget-image\" data-id=\"ecb942d\" data-element_type=\"widget\" data-e-type=\"widget\" id=\"baile-g\" data-widget_type=\"image.default\">\n\t\t\t\t<div class=\"elementor-widget-container\">\n\t\t\t\t\t\t\t\t\t\t\t\t\t\t\t\t<a href=\"https:\/\/odiseadejuana.com\/img\/cuento\/zooms\/pbtiffsjuntosBAJA.jpg\">\n\t\t\t\t\t\t\t<img decoding=\"async\" width=\"960\" height=\"687\" src=\"https:\/\/odiseadejuana.com\/tienda\/wp-content\/uploads\/2024\/09\/Baile-de-las-Doce-Princesas-1024x733.png\" class=\"elementor-animation-grow attachment-large size-large wp-image-7065\" alt=\"\" srcset=\"https:\/\/odiseadejuana.com\/tienda\/wp-content\/uploads\/2024\/09\/Baile-de-las-Doce-Princesas-1024x733.png 1024w, https:\/\/odiseadejuana.com\/tienda\/wp-content\/uploads\/2024\/09\/Baile-de-las-Doce-Princesas-300x215.png 300w, https:\/\/odiseadejuana.com\/tienda\/wp-content\/uploads\/2024\/09\/Baile-de-las-Doce-Princesas-768x550.png 768w, https:\/\/odiseadejuana.com\/tienda\/wp-content\/uploads\/2024\/09\/Baile-de-las-Doce-Princesas-1536x1100.png 1536w, https:\/\/odiseadejuana.com\/tienda\/wp-content\/uploads\/2024\/09\/Baile-de-las-Doce-Princesas-2048x1466.png 2048w, https:\/\/odiseadejuana.com\/tienda\/wp-content\/uploads\/2024\/09\/Baile-de-las-Doce-Princesas-1140x816.png 1140w, https:\/\/odiseadejuana.com\/tienda\/wp-content\/uploads\/2024\/09\/Baile-de-las-Doce-Princesas-600x430.png 600w\" sizes=\"(max-width: 960px) 100vw, 960px\" \/>\t\t\t\t\t\t\t\t<\/a>\n\t\t\t\t\t\t\t\t\t\t\t\t\t\t\t<\/div>\n\t\t\t\t<\/div>\n\t\t\t\t\t<\/div>\n\t\t<\/div>\n\t\t\t\t\t<\/div>\n\t\t<\/section>\n\t\t\t\t<section class=\"elementor-section elementor-top-section elementor-element elementor-element-274e0af elementor-section-boxed elementor-section-height-default elementor-section-height-default\" data-id=\"274e0af\" data-element_type=\"section\" data-e-type=\"section\">\n\t\t\t\t\t\t<div class=\"elementor-container elementor-column-gap-default\">\n\t\t\t\t\t<div class=\"elementor-column elementor-col-100 elementor-top-column elementor-element elementor-element-468dead\" data-id=\"468dead\" data-element_type=\"column\" data-e-type=\"column\">\n\t\t\t<div class=\"elementor-widget-wrap elementor-element-populated\">\n\t\t\t\t\t\t<section class=\"elementor-section elementor-inner-section elementor-element elementor-element-708c9f6 elementor-section-boxed elementor-section-height-default elementor-section-height-default\" data-id=\"708c9f6\" data-element_type=\"section\" data-e-type=\"section\">\n\t\t\t\t\t\t<div class=\"elementor-container elementor-column-gap-default\">\n\t\t\t\t\t<div class=\"elementor-column elementor-col-50 elementor-inner-column elementor-element elementor-element-e65d822\" data-id=\"e65d822\" data-element_type=\"column\" data-e-type=\"column\">\n\t\t\t<div class=\"elementor-widget-wrap elementor-element-populated\">\n\t\t\t\t\t\t<div class=\"elementor-element elementor-element-bb5ec98 elementor-widget elementor-widget-text-editor\" data-id=\"bb5ec98\" data-element_type=\"widget\" data-e-type=\"widget\" data-widget_type=\"text-editor.default\">\n\t\t\t\t<div class=\"elementor-widget-container\">\n\t\t\t\t\t\t\t\t\tWe invite you to immortalize yourself at the greatest party in history by including your image, just like a Rennaisance patron of the arts, in the enormous and majestic artwork El Sue\u00f1o del Baile de las Doce Princesas, (exhibition size 6 X 8 meters). We will also\u00a0 print you a copy of this magnificent piece, on canvas, in permanent ink, measuring 1.5 x 2.10 meters, signed and with a certificate of authenticity. To complete this fun and unique package, you will receive a copy of the <a href=\"https:\/\/odiseadejuana.com\/the-movie.php?baile=1\" target=\"_BLANCK\"><span style=\"color: #0000ff;\">Baile animated short film<\/span><\/a>, numbered and personalized with your name. We will also include a <span style=\"color: #0000ff;\">\t\t<a\t\t\t\thref=\"javascript:void(0)\"\r\n\t\t\t\tclass=\"sgpb-show-popup sgpb-popup-id-6463\"\r\n\t\tdata-sgpbpopupid=\"6463\"\r\n\t\tdata-popup-event=\"click\"\r\n\t\t>\r\n\t\tTIMELAPSE\t\t<\/a>\r\n\t\t <\/span>video showing the construction of this major work. *\n\n<span style=\"font-size: 10pt;\">* The print is available in other sizes, as well as the option to choose a close up of the work.\n<\/span>\t\t\t\t\t\t\t\t<\/div>\n\t\t\t\t<\/div>\n\t\t\t\t\t<\/div>\n\t\t<\/div>\n\t\t\t\t<div class=\"elementor-column elementor-col-50 elementor-inner-column elementor-element elementor-element-5718c1f\" data-id=\"5718c1f\" data-element_type=\"column\" data-e-type=\"column\">\n\t\t\t<div class=\"elementor-widget-wrap elementor-element-populated\">\n\t\t\t\t\t\t<div class=\"elementor-element elementor-element-9745c84 elementor-widget elementor-widget-text-editor\" data-id=\"9745c84\" data-element_type=\"widget\" data-e-type=\"widget\" data-widget_type=\"text-editor.default\">\n\t\t\t\t<div class=\"elementor-widget-container\">\n\t\t\t\t\t\t\t\t\t<p>Te invitamos a inmortalizarte, como un mecenas a la antigua, dentro de la mejor fiesta de la historia, incluyendo tu foto en la enorme y majestuosa obra El Sue\u00f1o del Baile de las Doce Princesas, (tama\u00f1o de exhibici\u00f3n 6X8 metros) y te imprimiremos una copia de esta magn\u00edfica pieza, sobre lienzo, en tinta permanente, de 1 x 1.5 metros, firmada y con un certificado de autenticidad. Para completar este divertido y \u00fanico paquete, recibir\u00e1s una copia del <a href=\"https:\/\/odiseadejuana.com\/the-movie.php?baile=1\"><span style=\"color: #0000ff;\">cortometraje animado del Baile<\/span><\/a>, numerado y personalizado con tu nombre en el cortometraje. Adem\u00e1s incluiremos el <span style=\"color: #0000ff;\">\t\t<a\t\t\t\thref=\"javascript:void(0)\"\r\n\t\t\t\tclass=\"sgpb-show-popup sgpb-popup-id-6463\"\r\n\t\tdata-sgpbpopupid=\"6463\"\r\n\t\tdata-popup-event=\"click\"\r\n\t\t>\r\n\t\tTIMELAPSE\t\t<\/a>\r\n\t\t<\/span> de la construcci\u00f3n de esta monumental obra.\u00a0<span style=\"font-size: 10pt; letter-spacing: 0px; color: #000000;\">*La impresi\u00f3n est\u00e1 disponible en otros tama\u00f1os, as\u00ed como la opci\u00f3n de escoger un close up de la obra.<\/span><\/p>\t\t\t\t\t\t\t\t<\/div>\n\t\t\t\t<\/div>\n\t\t\t\t\t<\/div>\n\t\t<\/div>\n\t\t\t\t\t<\/div>\n\t\t<\/section>\n\t\t\t\t<div class=\"elementor-element elementor-element-4dbe8cb elementor-widget elementor-widget-image\" data-id=\"4dbe8cb\" data-element_type=\"widget\" data-e-type=\"widget\" data-widget_type=\"image.default\">\n\t\t\t\t<div class=\"elementor-widget-container\">\n\t\t\t\t\t\t\t\t\t\t\t\t\t\t\t\t<a href=\"https:\/\/odiseadejuana.com\/tienda\/contacto\/?producto=Special%20Baile%20Package\">\n\t\t\t\t\t\t\t<img decoding=\"async\" width=\"300\" height=\"101\" src=\"https:\/\/odiseadejuana.com\/tienda\/wp-content\/uploads\/2025\/06\/PLACA-PRECIO-300x101.png\" class=\"attachment-medium size-medium wp-image-8299\" alt=\"\" srcset=\"https:\/\/odiseadejuana.com\/tienda\/wp-content\/uploads\/2025\/06\/PLACA-PRECIO-300x101.png 300w, https:\/\/odiseadejuana.com\/tienda\/wp-content\/uploads\/2025\/06\/PLACA-PRECIO-600x201.png 600w, https:\/\/odiseadejuana.com\/tienda\/wp-content\/uploads\/2025\/06\/PLACA-PRECIO.png 644w\" sizes=\"(max-width: 300px) 100vw, 300px\" \/>\t\t\t\t\t\t\t\t<\/a>\n\t\t\t\t\t\t\t\t\t\t\t\t\t\t\t<\/div>\n\t\t\t\t<\/div>\n\t\t\t\t<div class=\"elementor-element elementor-element-a9401b9 elementor-widget elementor-widget-text-editor\" data-id=\"a9401b9\" data-element_type=\"widget\" data-e-type=\"widget\" data-widget_type=\"text-editor.default\">\n\t\t\t\t<div class=\"elementor-widget-container\">\n\t\t\t\t\t\t\t\t\t<h5 class=\"subtitle-limited-2\" style=\"text-align: center;\"><br \/><a href=\"https:\/\/odiseadejuana.com\/wordpress\/contacto\/\">odiseadejuana1@gmail.com<\/a><br \/><i class=\"fab fa-whatsapp\" aria-hidden=\"true\"><\/i>\u00a0+52 1 951 194 9032<\/h5>\t\t\t\t\t\t\t\t<\/div>\n\t\t\t\t<\/div>\n\t\t\t\t<div class=\"elementor-element elementor-element-19cff0e elementor-widget elementor-widget-image\" data-id=\"19cff0e\" data-element_type=\"widget\" data-e-type=\"widget\" data-widget_type=\"image.default\">\n\t\t\t\t<div class=\"elementor-widget-container\">\n\t\t\t\t\t\t\t\t\t\t\t\t\t\t\t\t<a href=\"https:\/\/odiseadejuana.com\/guide-doceprincesas.html\">\n\t\t\t\t\t\t\t<img decoding=\"async\" src=\"https:\/\/odiseadejuana.com\/tienda\/wp-content\/uploads\/elementor\/thumbs\/seeguia_01-scaled-r79kmzgprpbntyy5mdhdovrimjx7fuisixjkpl5vj8.webp\" title=\"seeguia_01\" alt=\"seeguia_01\" loading=\"lazy\" \/>\t\t\t\t\t\t\t\t<\/a>\n\t\t\t\t\t\t\t\t\t\t\t\t\t\t\t<\/div>\n\t\t\t\t<\/div>\n\t\t\t\t\t<\/div>\n\t\t<\/div>\n\t\t\t\t\t<\/div>\n\t\t<\/section>\n\t\t\t\t<\/div>\n\t\t","protected":false},"excerpt":{"rendered":"<p>\u00abEl Sue\u00f1o de Baile de las Doce Princesas\u00bb Contac us for price We invite you to immortalize yourself at the greatest party in history by including your image, just like a Rennaisance patron of the arts, in the enormous and majestic artwork El Sue\u00f1o del Baile de las Doce Princesas, (exhibition size 6 X 8 meters). We will also\u00a0 print you a copy of this magnificent piece, on canvas, in permanent ink, measuring 1.5 x 2.10 meters, signed and with a certificate of authenticity. To complete this fun and unique package, you will receive a copy of the Baile animated short film, numbered and personalized with your name. We will also include a video showing the construction of this major work. * * The print is available in other sizes, as well as the option to choose a close up of the work. Te invitamos a inmortalizarte, como un mecenas a la antigua, dentro de la mejor fiesta de la historia, incluyendo tu foto en la enorme y majestuosa obra El Sue\u00f1o del Baile de las Doce Princesas, (tama\u00f1o de exhibici\u00f3n 6X8 metros) y te imprimiremos una copia de esta magn\u00edfica pieza, sobre lienzo, en tinta permanente, de 1 x 1.5 metros, firmada y con un certificado de autenticidad. Para completar este divertido y \u00fanico paquete, recibir\u00e1s una copia del cortometraje animado del Baile, numerado y personalizado con tu nombre en el cortometraje. Adem\u00e1s incluiremos el de la construcci\u00f3n de esta monumental obra.\u00a0*La impresi\u00f3n est\u00e1 disponible en otros tama\u00f1os, as\u00ed como la opci\u00f3n de escoger un close up de la obra. odiseadejuana1@gmail.com\u00a0+52 1 951 194 9032<\/p>\n","protected":false},"author":1,"featured_media":0,"parent":0,"menu_order":0,"comment_status":"closed","ping_status":"closed","template":"elementor_header_footer","meta":{"footnotes":""},"class_list":["post-4386","page","type-page","status-publish","hentry"],"_links":{"self":[{"href":"https:\/\/odiseadejuana.com\/tienda\/wp-json\/wp\/v2\/pages\/4386","targetHints":{"allow":["GET"]}}],"collection":[{"href":"https:\/\/odiseadejuana.com\/tienda\/wp-json\/wp\/v2\/pages"}],"about":[{"href":"https:\/\/odiseadejuana.com\/tienda\/wp-json\/wp\/v2\/types\/page"}],"author":[{"embeddable":true,"href":"https:\/\/odiseadejuana.com\/tienda\/wp-json\/wp\/v2\/users\/1"}],"replies":[{"embeddable":true,"href":"https:\/\/odiseadejuana.com\/tienda\/wp-json\/wp\/v2\/comments?post=4386"}],"version-history":[{"count":618,"href":"https:\/\/odiseadejuana.com\/tienda\/wp-json\/wp\/v2\/pages\/4386\/revisions"}],"predecessor-version":[{"id":8377,"href":"https:\/\/odiseadejuana.com\/tienda\/wp-json\/wp\/v2\/pages\/4386\/revisions\/8377"}],"wp:attachment":[{"href":"https:\/\/odiseadejuana.com\/tienda\/wp-json\/wp\/v2\/media?parent=4386"}],"curies":[{"name":"wp","href":"https:\/\/api.w.org\/{rel}","templated":true}]}}